{"id":3,"date":"2019-09-05T08:43:54","date_gmt":"2019-09-05T08:43:54","guid":{"rendered":"https:\/\/www.beatelier.at\/?p=3"},"modified":"2024-12-19T16:33:10","modified_gmt":"2024-12-19T16:33:10","slug":"careers","status":"publish","type":"page","link":"https:\/\/www.beatelier.at\/?page_id=3","title":{"rendered":"Profil"},"content":{"rendered":"<h1>Profil.<\/h1>\n<p><img decoding=\"async\" src=\"\/wp-content\/uploads\/2024\/11\/L94A1728.jpeg\" alt=\"\"><\/p>\n<ul>\n<li>\n<div>\n<ul>\n<li>Geboren 1970<\/li>\n<li>2 S\u00f6hne<\/li>\n<li>Faszination an der k\u00fcnstlerischen Auseinandersetzung mit Farbe, Form und Material<\/li>\n<\/ul>\n<\/div>\n<\/li>\n<li>\n<div>\n<h3>Ausbildung<\/h3>\n<ul>\n<li>1992 Lehramtspr\u00fcfung f\u00fcr Hauptschulen und Polytechnische Schulen f\u00fcr die Fachgegenst\u00e4nde Deutsch, Werkerziehung\/textiler Bereich<\/li>\n<li>2004 Diplom Allgemeine Museumsp\u00e4dagogik<\/li>\n<li>2004 Diplom Kunst- und Kulturvermittlung in Schulen und Erwachsenenbildung<\/li>\n<li>2016-2019 Masterstudium Schulmanagement und Schulentwicklung in Linz (JKU und PHO\u00d6)<\/li>\n<li>2015-2017 Hochschuldidaktiklehrgang HLG-T3C (Viktor Frankl Hochschule K\u00e4rnten\/Kirchliche P\u00e4dagogische Hochschule Edith Stein Salzburg)<\/li>\n<li>2019 Akademische Schulmanagerin<\/li>\n<li>2022 Master of Education<\/li>\n<\/ul>\n<\/div>\n<\/li>\n<li>\n<div>\n<h3>T\u00e4tigkeitsbereiche<\/h3>\n<ul>\n<li>1992\/93 Hauptschule Frankenmarkt<\/li>\n<li>1993 bis 2017 Hauptschule\/Neue Mittelschule Bad Hall<\/li>\n<li>2017-2023 Mittelschule 2 Marchtrenk<\/li>\n<li>2023-2024 Mittelschule H\u00f6rsching<\/li>\n<li>seit 2024 Mittelschule Neuhofen an der Krems<\/li>\n<li>2004-2014 Kreativprogramm \u00fcber mein \u201eBeAtelier\u201c mit Schulen, Firmen, Vereinen und Privatpersonen<\/li>\n<li>seit 2015 Lehrt\u00e4tigkeit an der Privaten P\u00e4dagogischen Hochschule der Di\u00f6zese in Linz<\/li>\n<li>seit 2015 Sprachkompetenzberatung an der Privaten P\u00e4dagogischen Hochschule der Di\u00f6zese Linz<\/li>\n<li>seit 2015 Referentinnent\u00e4tigkeit in der Lehrer:innenfortbildung in Ober\u00f6sterreich<\/li>\n<\/ul>\n<\/div>\n<\/li>\n<\/ul>\n<p><!--more--><br \/>\n<!-- {\"name\":\"Careers\",\"type\":\"layout\",\"children\":[{\"name\":\"Profil\",\"type\":\"section\",\"props\":{\"image_position\":\"center-center\",\"image_size\":\"cover\",\"style\":\"default\",\"title_breakpoint\":\"xl\",\"title_position\":\"top-left\",\"title_rotation\":\"left\",\"vertical_align\":\"\",\"width\":\"default\"},\"children\":[{\"type\":\"row\",\"children\":[{\"type\":\"column\",\"props\":{\"image_position\":\"center-center\",\"position_sticky_breakpoint\":\"m\",\"width_medium\":\"1-1\"},\"children\":[{\"type\":\"breadcrumbs\",\"props\":{\"show_current\":true,\"show_home\":true}},{\"type\":\"headline\",\"props\":{\"content\":\"Profil.\",\"text_align\":\"left\",\"title_element\":\"h1\"}}]}]},{\"type\":\"row\",\"props\":{\"column_gap\":\"large\",\"divider\":true,\"layout\":\"1-3,2-3\",\"row_gap\":\"large\"},\"children\":[{\"type\":\"column\",\"props\":{\"image_position\":\"center-center\",\"position_sticky_breakpoint\":\"m\",\"width_large\":\"1-3\"},\"children\":[{\"type\":\"image\",\"props\":{\"image\":\"wp-content\\\/uploads\\\/2024\\\/11\\\/L94A1728.jpeg\",\"image_box_decoration\":\"mask\",\"image_svg_color\":\"emphasis\",\"margin\":\"default\"}}]},{\"type\":\"column\",\"props\":{\"image_position\":\"center-center\",\"position_sticky_breakpoint\":\"m\",\"width_large\":\"2-3\"},\"children\":[{\"type\":\"list\",\"props\":{\"column_breakpoint\":\"m\",\"image\":true,\"image_align\":\"left\",\"image_svg_color\":\"emphasis\",\"image_vertical_align\":true,\"list_element\":\"ul\",\"list_horizontal_separator\":\", \",\"list_size\":\"large\",\"list_type\":\"vertical\",\"margin\":\"default\",\"show_image\":true,\"show_link\":true},\"children\":[{\"type\":\"list_item\",\"props\":{\"content\":\"\n\n<ul>\\n\n\n<li>Geboren 1970<\\\/li>\\n\n\n<li>2 S\\u00f6hne<\\\/li>\\n\n\n<li>Faszination an der k\\u00fcnstlerischen Auseinandersetzung mit Farbe, Form und Material<\\\/li>\\n<\\\/ul>\"}},{\"type\":\"list_item\",\"props\":{\"content\":\"\n\n<h3>Ausbildung<\\\/h3>\\n\n\n<ul>\\n\n\n<li>1992 Lehramtspr\\u00fcfung f\\u00fcr Hauptschulen und Polytechnische Schulen f\\u00fcr die Fachgegenst\\u00e4nde Deutsch, Werkerziehung\\\/textiler Bereich<\\\/li>\\n\n\n<li>2004 Diplom Allgemeine Museumsp\\u00e4dagogik<\\\/li>\\n\n\n<li>2004 Diplom Kunst- und Kulturvermittlung in Schulen und Erwachsenenbildung<\\\/li>\\n\n\n<li>2016-2019 Masterstudium Schulmanagement und Schulentwicklung in Linz (JKU und PHO\\u00d6)<\\\/li>\\n\n\n<li>2015-2017 Hochschuldidaktiklehrgang HLG-T3C (Viktor Frankl Hochschule K\\u00e4rnten\\\/Kirchliche P\\u00e4dagogische Hochschule Edith Stein Salzburg)<\\\/li>\\n\n\n<li>2019 Akademische Schulmanagerin<\\\/li>\\n\n\n<li>2022 Master of Education<\\\/li>\\n<\\\/ul>\"}},{\"type\":\"list_item\",\"props\":{\"content\":\"\n\n<h3>T\\u00e4tigkeitsbereiche<\\\/h3>\\n\n\n<ul>\\n\n\n<li>1992\\\/93 Hauptschule Frankenmarkt<\\\/li>\\n\n\n<li>1993 bis 2017 Hauptschule\\\/Neue Mittelschule Bad Hall<\\\/li>\\n\n\n<li>2017-2023 Mittelschule 2 Marchtrenk<\\\/li>\\n\n\n<li>2023-2024 Mittelschule H\\u00f6rsching<\\\/li>\\n\n\n<li>seit 2024 Mittelschule Neuhofen an der Krems<\\\/li>\\n\n\n<li>2004-2014 Kreativprogramm \\u00fcber mein \\u201eBeAtelier\\u201c mit Schulen, Firmen, Vereinen und Privatpersonen<\\\/li>\\n\n\n<li>seit 2015 Lehrt\\u00e4tigkeit an der Privaten P\\u00e4dagogischen Hochschule der Di\\u00f6zese in Linz<\\\/li>\\n\n\n<li>seit 2015 Sprachkompetenzberatung an der Privaten P\\u00e4dagogischen Hochschule der Di\\u00f6zese Linz<\\\/li>\\n\n\n<li>seit 2015 Referentinnent\\u00e4tigkeit in der Lehrer:innenfortbildung in Ober\\u00f6sterreich<\\\/li>\\n<\\\/ul>\"}}]}]}]},{\"type\":\"row\",\"children\":[{\"type\":\"column\",\"props\":{\"image_position\":\"center-center\",\"position_sticky_breakpoint\":\"m\"},\"children\":[{\"type\":\"totop\",\"props\":{\"margin\":\"default\",\"text_align\":\"right\",\"title\":\"Top\",\"title_grid_column_gap\":\"small\",\"title_grid_row_gap\":\"small\",\"title_style\":\"meta\"},\"name\":\"top\"}]}]}]}],\"version\":\"4.4.16\"} --><\/p>\n","protected":false},"excerpt":{"rendered":"<p>Profil. Geboren 1970 2 S\u00f6hne Faszination an der k\u00fcnstlerischen Auseinandersetzung mit Farbe, Form und Material Ausbildung 1992 Lehramtspr\u00fcfung f\u00fcr Hauptschulen und Polytechnische Schulen f\u00fcr die Fachgegenst\u00e4nde Deutsch, Werkerziehung\/textiler Bereich 2004 Diplom Allgemeine Museumsp\u00e4dagogik 2004 Diplom Kunst- und Kulturvermittlung in Schulen und Erwachsenenbildung 2016-2019 Masterstudium Schulmanagement und Schulentwicklung in Linz (JKU und PHO\u00d6) 2015-2017 Hochschuldidaktiklehrgang HLG-T3C [&hellip;]<\/p>\n","protected":false},"author":1,"featured_media":0,"parent":0,"menu_order":2,"comment_status":"open","ping_status":"open","template":"","meta":{"footnotes":""},"class_list":["post-3","page","type-page","status-publish","hentry"],"_links":{"self":[{"href":"https:\/\/www.beatelier.at\/index.php?rest_route=\/wp\/v2\/pages\/3","targetHints":{"allow":["GET"]}}],"collection":[{"href":"https:\/\/www.beatelier.at\/index.php?rest_route=\/wp\/v2\/pages"}],"about":[{"href":"https:\/\/www.beatelier.at\/index.php?rest_route=\/wp\/v2\/types\/page"}],"author":[{"embeddable":true,"href":"https:\/\/www.beatelier.at\/index.php?rest_route=\/wp\/v2\/users\/1"}],"replies":[{"embeddable":true,"href":"https:\/\/www.beatelier.at\/index.php?rest_route=%2Fwp%2Fv2%2Fcomments&post=3"}],"version-history":[{"count":19,"href":"https:\/\/www.beatelier.at\/index.php?rest_route=\/wp\/v2\/pages\/3\/revisions"}],"predecessor-version":[{"id":1676,"href":"https:\/\/www.beatelier.at\/index.php?rest_route=\/wp\/v2\/pages\/3\/revisions\/1676"}],"wp:attachment":[{"href":"https:\/\/www.beatelier.at\/index.php?rest_route=%2Fwp%2Fv2%2Fmedia&parent=3"}],"curies":[{"name":"wp","href":"https:\/\/api.w.org\/{rel}","templated":true}]}}